{"id":881,"date":"2025-10-27T11:30:45","date_gmt":"2025-10-27T11:30:45","guid":{"rendered":"https:\/\/grupft.es\/edifici\/"},"modified":"2025-11-05T11:38:41","modified_gmt":"2025-11-05T11:38:41","slug":"edifici","status":"publish","type":"page","link":"https:\/\/grupft.es\/ca\/edifici\/","title":{"rendered":"Edifici"},"content":{"rendered":"\t\t<div data-elementor-type=\"wp-page\" data-elementor-id=\"881\" class=\"elementor elementor-881 elementor-158\" data-elementor-post-type=\"page\">\n\t\t\t\t\t\t<section class=\"elementor-section elementor-top-section elementor-element elementor-element-6a800c1 elementor-section-boxed elementor-section-height-default elementor-section-height-default\" data-id=\"6a800c1\" data-element_type=\"section\" data-e-type=\"section\" data-settings=\"{&quot;background_background&quot;:&quot;video&quot;,&quot;background_video_link&quot;:&quot;https:\\\/\\\/grupft.es\\\/wp-content\\\/uploads\\\/2025\\\/10\\\/Turo-22-slider.mp4&quot;,&quot;background_play_on_mobile&quot;:&quot;yes&quot;}\">\n\t\t\t\t\t\t\t\t<div class=\"elementor-background-video-container\">\n\t\t\t\t\t\t\t\t\t\t\t\t\t<video class=\"elementor-background-video-hosted\" role=\"presentation\" autoplay muted playsinline loop><\/video>\n\t\t\t\t\t\t\t\t\t\t\t<\/div>\n\t\t\t\t\t\t\t\t\t<div class=\"elementor-background-overlay\"><\/div>\n\t\t\t\t\t\t\t<div class=\"elementor-container elementor-column-gap-default\">\n\t\t\t\t\t<div class=\"elementor-column elementor-col-100 elementor-top-column elementor-element elementor-element-bed01de\" data-id=\"bed01de\" data-element_type=\"column\" data-e-type=\"column\">\n\t\t\t<div class=\"elementor-widget-wrap elementor-element-populated\">\n\t\t\t\t\t\t<div class=\"elementor-element elementor-element-c4bdb42 elementor-widget elementor-widget-heading\" data-id=\"c4bdb42\" data-element_type=\"widget\" data-e-type=\"widget\" data-widget_type=\"heading.default\">\n\t\t\t\t<div class=\"elementor-widget-container\">\n\t\t\t\t\t<h1 class=\"elementor-heading-title elementor-size-default\">Tur\u00f3 22<\/h1>\t\t\t\t<\/div>\n\t\t\t\t<\/div>\n\t\t\t\t<div class=\"elementor-element elementor-element-a68029b elementor-widget__width-initial elementor-widget elementor-widget-heading\" data-id=\"a68029b\" data-element_type=\"widget\" data-e-type=\"widget\" data-widget_type=\"heading.default\">\n\t\t\t\t<div class=\"elementor-widget-container\">\n\t\t\t\t\t<h2 class=\"elementor-heading-title elementor-size-default\">Sant cugat del vall\u00e8s<\/h2>\t\t\t\t<\/div>\n\t\t\t\t<\/div>\n\t\t\t\t\t<\/div>\n\t\t<\/div>\n\t\t\t\t\t<\/div>\n\t\t<\/section>\n\t\t\t\t<section class=\"elementor-section elementor-top-section elementor-element elementor-element-1fd4a80 elementor-section-boxed elementor-section-height-default elementor-section-height-default\" data-id=\"1fd4a80\" data-element_type=\"section\" data-e-type=\"section\">\n\t\t\t\t\t\t<div class=\"elementor-container elementor-column-gap-default\">\n\t\t\t\t\t<div class=\"elementor-column elementor-col-100 elementor-top-column elementor-element elementor-element-d430307\" data-id=\"d430307\" data-element_type=\"column\" data-e-type=\"column\">\n\t\t\t<div class=\"elementor-widget-wrap elementor-element-populated\">\n\t\t\t\t\t\t<div class=\"elementor-element elementor-element-2cecfcd elementor-nav-menu__align-center elementor-nav-menu--dropdown-none elementor-widget__width-auto elementor-widget-mobile__width-auto elementor-widget elementor-widget-nav-menu\" data-id=\"2cecfcd\" data-element_type=\"widget\" data-e-type=\"widget\" data-settings=\"{&quot;layout&quot;:&quot;horizontal&quot;,&quot;submenu_icon&quot;:{&quot;value&quot;:&quot;&lt;i class=\\&quot;fas fa-caret-down\\&quot; aria-hidden=\\&quot;true\\&quot;&gt;&lt;\\\/i&gt;&quot;,&quot;library&quot;:&quot;fa-solid&quot;}}\" data-widget_type=\"nav-menu.default\">\n\t\t\t\t<div class=\"elementor-widget-container\">\n\t\t\t\t\t\t\t\t<nav aria-label=\"Men\u00fa\" class=\"elementor-nav-menu--main elementor-nav-menu__container elementor-nav-menu--layout-horizontal e--pointer-underline e--animation-fade\">\n\t\t\t\t<ul id=\"menu-1-2cecfcd\" class=\"elementor-nav-menu\"><li class=\"menu-item menu-item-type-post_type menu-item-object-page menu-item-375\"><a href=\"https:\/\/grupft.es\/edificio\/\" class=\"elementor-item\">Edifici<\/a><\/li>\n<li class=\"menu-item menu-item-type-post_type menu-item-object-page menu-item-374\"><a href=\"https:\/\/grupft.es\/vivienda\/\" class=\"elementor-item\">Habitatge<\/a><\/li>\n<li class=\"menu-item menu-item-type-post_type menu-item-object-page menu-item-373\"><a href=\"https:\/\/grupft.es\/acabados\/\" class=\"elementor-item\">Acabats<\/a><\/li>\n<li class=\"menu-item menu-item-type-post_type menu-item-object-page menu-item-372\"><a href=\"https:\/\/grupft.es\/planos\/\" class=\"elementor-item\">Pl\u00e0nols<\/a><\/li>\n<\/ul>\t\t\t<\/nav>\n\t\t\t\t\t\t<nav class=\"elementor-nav-menu--dropdown elementor-nav-menu__container\" aria-hidden=\"true\">\n\t\t\t\t<ul id=\"menu-2-2cecfcd\" class=\"elementor-nav-menu\"><li class=\"menu-item menu-item-type-post_type menu-item-object-page menu-item-375\"><a href=\"https:\/\/grupft.es\/edificio\/\" class=\"elementor-item\" tabindex=\"-1\">Edifici<\/a><\/li>\n<li class=\"menu-item menu-item-type-post_type menu-item-object-page menu-item-374\"><a href=\"https:\/\/grupft.es\/vivienda\/\" class=\"elementor-item\" tabindex=\"-1\">Habitatge<\/a><\/li>\n<li class=\"menu-item menu-item-type-post_type menu-item-object-page menu-item-373\"><a href=\"https:\/\/grupft.es\/acabados\/\" class=\"elementor-item\" tabindex=\"-1\">Acabats<\/a><\/li>\n<li class=\"menu-item menu-item-type-post_type menu-item-object-page menu-item-372\"><a href=\"https:\/\/grupft.es\/planos\/\" class=\"elementor-item\" tabindex=\"-1\">Pl\u00e0nols<\/a><\/li>\n<\/ul>\t\t\t<\/nav>\n\t\t\t\t\t\t<\/div>\n\t\t\t\t<\/div>\n\t\t\t\t<section class=\"elementor-section elementor-inner-section elementor-element elementor-element-32fa87f elementor-section-boxed elementor-section-height-default elementor-section-height-default\" data-id=\"32fa87f\" data-element_type=\"section\" data-e-type=\"section\">\n\t\t\t\t\t\t<div class=\"elementor-container elementor-column-gap-default\">\n\t\t\t\t\t<div class=\"elementor-column elementor-col-50 elementor-inner-column elementor-element elementor-element-f851f83\" data-id=\"f851f83\" data-element_type=\"column\" data-e-type=\"column\">\n\t\t\t<div class=\"elementor-widget-wrap elementor-element-populated\">\n\t\t\t\t\t\t<div class=\"elementor-element elementor-element-c6400a1 elementor-widget elementor-widget-heading\" data-id=\"c6400a1\" data-element_type=\"widget\" data-e-type=\"widget\" data-widget_type=\"heading.default\">\n\t\t\t\t<div class=\"elementor-widget-container\">\n\t\t\t\t\t<h2 class=\"elementor-heading-title elementor-size-default\">Edifici residencial <\/h2>\t\t\t\t<\/div>\n\t\t\t\t<\/div>\n\t\t\t\t<div class=\"elementor-element elementor-element-96d2875 elementor-widget-divider--view-line elementor-widget elementor-widget-divider\" data-id=\"96d2875\" data-element_type=\"widget\" data-e-type=\"widget\" data-widget_type=\"divider.default\">\n\t\t\t\t<div class=\"elementor-widget-container\">\n\t\t\t\t\t\t\t<div class=\"elementor-divider\">\n\t\t\t<span class=\"elementor-divider-separator\">\n\t\t\t\t\t\t<\/span>\n\t\t<\/div>\n\t\t\t\t\t\t<\/div>\n\t\t\t\t<\/div>\n\t\t\t\t<div class=\"elementor-element elementor-element-59ab861 elementor-widget elementor-widget-text-editor\" data-id=\"59ab861\" data-element_type=\"widget\" data-e-type=\"widget\" data-widget_type=\"text-editor.default\">\n\t\t\t\t<div class=\"elementor-widget-container\">\n\t\t\t\t\t\t\t\t\t<p>Tur\u00f3 22 \u00e9s una promoci\u00f3 d\u2019obra nova que consta d\u2019un edifici residencial amb 22 habitatges, 28 places d\u2019aparcament i 20 trasters.<\/p>\n<p>L\u2019edifici es distribueix en dos nuclis d\u2019acc\u00e9s: l\u2019Escala A i l\u2019Escala B. L\u2019Escala A, situada al costat sud, s\u2019estructura en planta baixa i quatre plantes pis. L\u2019Escala B, situada al costat nord, s\u2019estructura en planta baixa i tres plantes pis.<\/p>\n<p>Les diferents plantes es troben al mateix nivell, de manera que a la part alta defineixen una \u00fanica l\u00ednia de coronaci\u00f3, mentre que a la part baixa es genera un decalatge d\u2019una planta a nivell de la planta Baixa.<\/p>\n\t\t\t\t\t\t\t\t<\/div>\n\t\t\t\t<\/div>\n\t\t\t\t\t<\/div>\n\t\t<\/div>\n\t\t\t\t<div class=\"elementor-column elementor-col-50 elementor-inner-column elementor-element elementor-element-420a651\" data-id=\"420a651\" data-element_type=\"column\" data-e-type=\"column\" data-settings=\"{&quot;background_background&quot;:&quot;classic&quot;}\">\n\t\t\t<div class=\"elementor-widget-wrap elementor-element-populated\">\n\t\t\t\t\t\t<div class=\"elementor-element elementor-element-4eb41d2 elementor-widget elementor-widget-spacer\" data-id=\"4eb41d2\" data-element_type=\"widget\" data-e-type=\"widget\" data-widget_type=\"spacer.default\">\n\t\t\t\t<div class=\"elementor-widget-container\">\n\t\t\t\t\t\t\t<div class=\"elementor-spacer\">\n\t\t\t<div class=\"elementor-spacer-inner\"><\/div>\n\t\t<\/div>\n\t\t\t\t\t\t<\/div>\n\t\t\t\t<\/div>\n\t\t\t\t\t<\/div>\n\t\t<\/div>\n\t\t\t\t\t<\/div>\n\t\t<\/section>\n\t\t\t\t\t<\/div>\n\t\t<\/div>\n\t\t\t\t\t<\/div>\n\t\t<\/section>\n\t\t\t\t<section class=\"elementor-section elementor-top-section elementor-element elementor-element-8ab6435 elementor-section-boxed elementor-section-height-default elementor-section-height-default\" data-id=\"8ab6435\" data-element_type=\"section\" data-e-type=\"section\">\n\t\t\t\t\t\t<div class=\"elementor-container elementor-column-gap-default\">\n\t\t\t\t\t<div class=\"elementor-column elementor-col-50 elementor-top-column elementor-element elementor-element-61fd6b4\" data-id=\"61fd6b4\" data-element_type=\"column\" data-e-type=\"column\">\n\t\t\t<div class=\"elementor-widget-wrap elementor-element-populated\">\n\t\t\t\t\t\t<div class=\"elementor-element elementor-element-5dd3956 elementor-widget elementor-widget-image\" data-id=\"5dd3956\" data-element_type=\"widget\" data-e-type=\"widget\" data-widget_type=\"image.default\">\n\t\t\t\t<div class=\"elementor-widget-container\">\n\t\t\t\t\t\t\t\t\t\t\t\t\t\t\t<img fetchpriority=\"high\" decoding=\"async\" width=\"1920\" height=\"1080\" src=\"https:\/\/grupft.es\/wp-content\/uploads\/2025\/10\/Edificio-02.jpg\" class=\"attachment-full size-full wp-image-879\" alt=\"\" srcset=\"https:\/\/grupft.es\/wp-content\/uploads\/2025\/10\/Edificio-02.jpg 1920w, https:\/\/grupft.es\/wp-content\/uploads\/2025\/10\/Edificio-02-300x169.jpg 300w, https:\/\/grupft.es\/wp-content\/uploads\/2025\/10\/Edificio-02-1024x576.jpg 1024w, https:\/\/grupft.es\/wp-content\/uploads\/2025\/10\/Edificio-02-768x432.jpg 768w, https:\/\/grupft.es\/wp-content\/uploads\/2025\/10\/Edificio-02-1536x864.jpg 1536w\" sizes=\"(max-width: 1920px) 100vw, 1920px\" \/>\t\t\t\t\t\t\t\t\t\t\t\t\t\t\t<\/div>\n\t\t\t\t<\/div>\n\t\t\t\t\t<\/div>\n\t\t<\/div>\n\t\t\t\t<div class=\"elementor-column elementor-col-50 elementor-top-column elementor-element elementor-element-2b21882\" data-id=\"2b21882\" data-element_type=\"column\" data-e-type=\"column\">\n\t\t\t<div class=\"elementor-widget-wrap elementor-element-populated\">\n\t\t\t\t\t\t<section class=\"elementor-section elementor-inner-section elementor-element elementor-element-94383bc elementor-section-boxed elementor-section-height-default elementor-section-height-default\" data-id=\"94383bc\" data-element_type=\"section\" data-e-type=\"section\" data-settings=\"{&quot;background_background&quot;:&quot;video&quot;,&quot;background_video_link&quot;:&quot;https:\\\/\\\/grupft.es\\\/wp-content\\\/uploads\\\/2025\\\/10\\\/Edificio-03.mp4&quot;,&quot;background_play_on_mobile&quot;:&quot;yes&quot;}\">\n\t\t\t\t\t\t\t\t<div class=\"elementor-background-video-container\">\n\t\t\t\t\t\t\t\t\t\t\t\t\t<video class=\"elementor-background-video-hosted\" role=\"presentation\" autoplay muted playsinline loop><\/video>\n\t\t\t\t\t\t\t\t\t\t\t<\/div>\n\t\t\t\t\t\t\t\t<div class=\"elementor-container elementor-column-gap-default\">\n\t\t\t\t\t<div class=\"elementor-column elementor-col-100 elementor-inner-column elementor-element elementor-element-942e0e5\" data-id=\"942e0e5\" data-element_type=\"column\" data-e-type=\"column\">\n\t\t\t<div class=\"elementor-widget-wrap elementor-element-populated\">\n\t\t\t\t\t\t<div class=\"elementor-element elementor-element-766f64e elementor-widget elementor-widget-spacer\" data-id=\"766f64e\" data-element_type=\"widget\" data-e-type=\"widget\" data-widget_type=\"spacer.default\">\n\t\t\t\t<div class=\"elementor-widget-container\">\n\t\t\t\t\t\t\t<div class=\"elementor-spacer\">\n\t\t\t<div class=\"elementor-spacer-inner\"><\/div>\n\t\t<\/div>\n\t\t\t\t\t\t<\/div>\n\t\t\t\t<\/div>\n\t\t\t\t\t<\/div>\n\t\t<\/div>\n\t\t\t\t\t<\/div>\n\t\t<\/section>\n\t\t\t\t\t<\/div>\n\t\t<\/div>\n\t\t\t\t\t<\/div>\n\t\t<\/section>\n\t\t\t\t<section class=\"elementor-section elementor-top-section elementor-element elementor-element-e505515 elementor-section-boxed elementor-section-height-default elementor-section-height-default\" data-id=\"e505515\" data-element_type=\"section\" data-e-type=\"section\">\n\t\t\t\t\t\t<div class=\"elementor-container elementor-column-gap-default\">\n\t\t\t\t\t<div class=\"elementor-column elementor-col-100 elementor-top-column elementor-element elementor-element-3dc2fbc\" data-id=\"3dc2fbc\" data-element_type=\"column\" data-e-type=\"column\">\n\t\t\t<div class=\"elementor-widget-wrap elementor-element-populated\">\n\t\t\t\t\t\t<section class=\"elementor-section elementor-inner-section elementor-element elementor-element-331171d elementor-reverse-tablet elementor-reverse-mobile elementor-section-boxed elementor-section-height-default elementor-section-height-default\" data-id=\"331171d\" data-element_type=\"section\" data-e-type=\"section\">\n\t\t\t\t\t\t<div class=\"elementor-container elementor-column-gap-default\">\n\t\t\t\t\t<div class=\"elementor-column elementor-col-50 elementor-inner-column elementor-element elementor-element-9408a93\" data-id=\"9408a93\" data-element_type=\"column\" data-e-type=\"column\" data-settings=\"{&quot;background_background&quot;:&quot;classic&quot;}\">\n\t\t\t<div class=\"elementor-widget-wrap elementor-element-populated\">\n\t\t\t\t\t\t<div class=\"elementor-element elementor-element-54d305f elementor-widget elementor-widget-spacer\" data-id=\"54d305f\" data-element_type=\"widget\" data-e-type=\"widget\" data-widget_type=\"spacer.default\">\n\t\t\t\t<div class=\"elementor-widget-container\">\n\t\t\t\t\t\t\t<div class=\"elementor-spacer\">\n\t\t\t<div class=\"elementor-spacer-inner\"><\/div>\n\t\t<\/div>\n\t\t\t\t\t\t<\/div>\n\t\t\t\t<\/div>\n\t\t\t\t\t<\/div>\n\t\t<\/div>\n\t\t\t\t<div class=\"elementor-column elementor-col-50 elementor-inner-column elementor-element elementor-element-6b6bf94\" data-id=\"6b6bf94\" data-element_type=\"column\" data-e-type=\"column\">\n\t\t\t<div class=\"elementor-widget-wrap elementor-element-populated\">\n\t\t\t\t\t\t<div class=\"elementor-element elementor-element-2b13c63 elementor-widget elementor-widget-heading\" data-id=\"2b13c63\" data-element_type=\"widget\" data-e-type=\"widget\" data-widget_type=\"heading.default\">\n\t\t\t\t<div class=\"elementor-widget-container\">\n\t\t\t\t\t<h2 class=\"elementor-heading-title elementor-size-default\">Zones comunit\u00e0ries <\/h2>\t\t\t\t<\/div>\n\t\t\t\t<\/div>\n\t\t\t\t<div class=\"elementor-element elementor-element-733e0e5 elementor-widget elementor-widget-heading\" data-id=\"733e0e5\" data-element_type=\"widget\" data-e-type=\"widget\" data-widget_type=\"heading.default\">\n\t\t\t\t<div class=\"elementor-widget-container\">\n\t\t\t\t\t<div class=\"elementor-heading-title elementor-size-default\">Piscina, jard\u00ed i aparcament <\/div>\t\t\t\t<\/div>\n\t\t\t\t<\/div>\n\t\t\t\t<div class=\"elementor-element elementor-element-c744250 elementor-widget-divider--view-line elementor-widget elementor-widget-divider\" data-id=\"c744250\" data-element_type=\"widget\" data-e-type=\"widget\" data-widget_type=\"divider.default\">\n\t\t\t\t<div class=\"elementor-widget-container\">\n\t\t\t\t\t\t\t<div class=\"elementor-divider\">\n\t\t\t<span class=\"elementor-divider-separator\">\n\t\t\t\t\t\t<\/span>\n\t\t<\/div>\n\t\t\t\t\t\t<\/div>\n\t\t\t\t<\/div>\n\t\t\t\t<div class=\"elementor-element elementor-element-08589bc elementor-widget elementor-widget-text-editor\" data-id=\"08589bc\" data-element_type=\"widget\" data-e-type=\"widget\" data-widget_type=\"text-editor.default\">\n\t\t\t\t<div class=\"elementor-widget-container\">\n\t\t\t\t\t\t\t\t\t<p>La zona comunit\u00e0ria, que disposa d\u2019un jard\u00ed privat de 54 x 13 m, \u00e9s un espai verd amb vegetaci\u00f3 abundant que ofereix sol a l\u2019hivern i frescor a l\u2019estiu, gr\u00e0cies a la plantaci\u00f3 d\u2019estil bosc\u00f3s de liquid\u00e0mbars, arbres de fulla caduca amb tons vermellosos a la tardor.<\/p>\n<p>Sota l\u2019edifici se situa el garatge, amb aparcament en bateria, trasters vinculats a les places i ventilaci\u00f3 natural amb grans obertures amb enfiladisses que aporten llum natural i connexi\u00f3 visual amb l\u2019exterior.<\/p>\n\t\t\t\t\t\t\t\t<\/div>\n\t\t\t\t<\/div>\n\t\t\t\t\t<\/div>\n\t\t<\/div>\n\t\t\t\t\t<\/div>\n\t\t<\/section>\n\t\t\t\t\t<\/div>\n\t\t<\/div>\n\t\t\t\t\t<\/div>\n\t\t<\/section>\n\t\t\t\t<\/div>\n\t\t","protected":false},"excerpt":{"rendered":"<p>Tur\u00f3 22 Sant cugat del vall\u00e8s Edifici residencial Tur\u00f3 22 \u00e9s una promoci\u00f3 d\u2019obra nova que consta d\u2019un edifici residencial amb 22 habitatges, 28 places d\u2019aparcament i 20 trasters. L\u2019edifici es distribueix en dos nuclis d\u2019acc\u00e9s: l\u2019Escala A i l\u2019Escala B. L\u2019Escala A, situada al costat sud, s\u2019estructura en planta baixa i quatre plantes pis. [&hellip;]<\/p>\n","protected":false},"author":1,"featured_media":0,"parent":0,"menu_order":0,"comment_status":"closed","ping_status":"closed","template":"","meta":{"footnotes":""},"class_list":["post-881","page","type-page","status-publish","hentry"],"yoast_head":"<!-- This site is optimized with the Yoast SEO plugin v27.2 - https:\/\/yoast.com\/product\/yoast-seo-wordpress\/ -->\n<title>Edifici | Tur\u00f3 22<\/title>\n<meta name=\"robots\" content=\"index, follow, max-snippet:-1, max-image-preview:large, max-video-preview:-1\" \/>\n<link rel=\"canonical\" href=\"https:\/\/grupft.es\/ca\/edifici\/\" \/>\n<meta property=\"og:locale\" content=\"ca_ES\" \/>\n<meta property=\"og:type\" content=\"article\" \/>\n<meta property=\"og:title\" content=\"Edifici | Tur\u00f3 22\" \/>\n<meta property=\"og:description\" content=\"Tur\u00f3 22 Sant cugat del vall\u00e8s Edifici residencial Tur\u00f3 22 \u00e9s una promoci\u00f3 d\u2019obra nova que consta d\u2019un edifici residencial amb 22 habitatges, 28 places d\u2019aparcament i 20 trasters. L\u2019edifici es distribueix en dos nuclis d\u2019acc\u00e9s: l\u2019Escala A i l\u2019Escala B. L\u2019Escala A, situada al costat sud, s\u2019estructura en planta baixa i quatre plantes pis. [&hellip;]\" \/>\n<meta property=\"og:url\" content=\"https:\/\/grupft.es\/ca\/edifici\/\" \/>\n<meta property=\"og:site_name\" content=\"Tur\u00f3 22\" \/>\n<meta property=\"article:modified_time\" content=\"2025-11-05T11:38:41+00:00\" \/>\n<meta property=\"og:image\" content=\"https:\/\/grupft.es\/wp-content\/uploads\/2025\/10\/Edificio-02.jpg\" \/>\n\t<meta property=\"og:image:width\" content=\"1920\" \/>\n\t<meta property=\"og:image:height\" content=\"1080\" \/>\n\t<meta property=\"og:image:type\" content=\"image\/jpeg\" \/>\n<meta name=\"twitter:card\" content=\"summary_large_image\" \/>\n<meta name=\"twitter:label1\" content=\"Temps estimat de lectura\" \/>\n\t<meta name=\"twitter:data1\" content=\"1 minut\" \/>\n<script type=\"application\/ld+json\" class=\"yoast-schema-graph\">{\"@context\":\"https:\/\/schema.org\",\"@graph\":[{\"@type\":\"WebPage\",\"@id\":\"https:\/\/grupft.es\/ca\/edifici\/\",\"url\":\"https:\/\/grupft.es\/ca\/edifici\/\",\"name\":\"Edifici | Tur\u00f3 22\",\"isPartOf\":{\"@id\":\"https:\/\/grupft.es\/ca\/#website\"},\"primaryImageOfPage\":{\"@id\":\"https:\/\/grupft.es\/ca\/edifici\/#primaryimage\"},\"image\":{\"@id\":\"https:\/\/grupft.es\/ca\/edifici\/#primaryimage\"},\"thumbnailUrl\":\"https:\/\/grupft.es\/wp-content\/uploads\/2025\/10\/Edificio-02.jpg\",\"datePublished\":\"2025-10-27T11:30:45+00:00\",\"dateModified\":\"2025-11-05T11:38:41+00:00\",\"breadcrumb\":{\"@id\":\"https:\/\/grupft.es\/ca\/edifici\/#breadcrumb\"},\"inLanguage\":\"ca\",\"potentialAction\":[{\"@type\":\"ReadAction\",\"target\":[\"https:\/\/grupft.es\/ca\/edifici\/\"]}]},{\"@type\":\"ImageObject\",\"inLanguage\":\"ca\",\"@id\":\"https:\/\/grupft.es\/ca\/edifici\/#primaryimage\",\"url\":\"https:\/\/grupft.es\/wp-content\/uploads\/2025\/10\/Edificio-02.jpg\",\"contentUrl\":\"https:\/\/grupft.es\/wp-content\/uploads\/2025\/10\/Edificio-02.jpg\"},{\"@type\":\"BreadcrumbList\",\"@id\":\"https:\/\/grupft.es\/ca\/edifici\/#breadcrumb\",\"itemListElement\":[{\"@type\":\"ListItem\",\"position\":1,\"name\":\"Portada\",\"item\":\"https:\/\/grupft.es\/ca\/\"},{\"@type\":\"ListItem\",\"position\":2,\"name\":\"Edifici\"}]},{\"@type\":\"WebSite\",\"@id\":\"https:\/\/grupft.es\/ca\/#website\",\"url\":\"https:\/\/grupft.es\/ca\/\",\"name\":\"Tur\u00f3 2022 | Viviendas en San Cugat\",\"description\":\"Exclusividad y naturaleza en Sant Cugat\",\"publisher\":{\"@id\":\"https:\/\/grupft.es\/ca\/#organization\"},\"potentialAction\":[{\"@type\":\"SearchAction\",\"target\":{\"@type\":\"EntryPoint\",\"urlTemplate\":\"https:\/\/grupft.es\/ca\/?s={search_term_string}\"},\"query-input\":{\"@type\":\"PropertyValueSpecification\",\"valueRequired\":true,\"valueName\":\"search_term_string\"}}],\"inLanguage\":\"ca\"},{\"@type\":\"Organization\",\"@id\":\"https:\/\/grupft.es\/ca\/#organization\",\"name\":\"Tur\u00f3 2022 | Viviendas en San Cugat\",\"alternateName\":\"Tur\u00f3 2022 | Grupo FT\",\"url\":\"https:\/\/grupft.es\/ca\/\",\"logo\":{\"@type\":\"ImageObject\",\"inLanguage\":\"ca\",\"@id\":\"https:\/\/grupft.es\/ca\/#\/schema\/logo\/image\/\",\"url\":\"https:\/\/grupft.es\/wp-content\/uploads\/2025\/11\/turo-logo-negro.png\",\"contentUrl\":\"https:\/\/grupft.es\/wp-content\/uploads\/2025\/11\/turo-logo-negro.png\",\"width\":105,\"height\":37,\"caption\":\"Tur\u00f3 2022 | Viviendas en San Cugat\"},\"image\":{\"@id\":\"https:\/\/grupft.es\/ca\/#\/schema\/logo\/image\/\"}}]}<\/script>\n<!-- \/ Yoast SEO plugin. -->","yoast_head_json":{"title":"Edifici | Tur\u00f3 22","robots":{"index":"index","follow":"follow","max-snippet":"max-snippet:-1","max-image-preview":"max-image-preview:large","max-video-preview":"max-video-preview:-1"},"canonical":"https:\/\/grupft.es\/ca\/edifici\/","og_locale":"ca_ES","og_type":"article","og_title":"Edifici | Tur\u00f3 22","og_description":"Tur\u00f3 22 Sant cugat del vall\u00e8s Edifici residencial Tur\u00f3 22 \u00e9s una promoci\u00f3 d\u2019obra nova que consta d\u2019un edifici residencial amb 22 habitatges, 28 places d\u2019aparcament i 20 trasters. L\u2019edifici es distribueix en dos nuclis d\u2019acc\u00e9s: l\u2019Escala A i l\u2019Escala B. L\u2019Escala A, situada al costat sud, s\u2019estructura en planta baixa i quatre plantes pis. [&hellip;]","og_url":"https:\/\/grupft.es\/ca\/edifici\/","og_site_name":"Tur\u00f3 22","article_modified_time":"2025-11-05T11:38:41+00:00","og_image":[{"width":1920,"height":1080,"url":"https:\/\/grupft.es\/wp-content\/uploads\/2025\/10\/Edificio-02.jpg","type":"image\/jpeg"}],"twitter_card":"summary_large_image","twitter_misc":{"Temps estimat de lectura":"1 minut"},"schema":{"@context":"https:\/\/schema.org","@graph":[{"@type":"WebPage","@id":"https:\/\/grupft.es\/ca\/edifici\/","url":"https:\/\/grupft.es\/ca\/edifici\/","name":"Edifici | Tur\u00f3 22","isPartOf":{"@id":"https:\/\/grupft.es\/ca\/#website"},"primaryImageOfPage":{"@id":"https:\/\/grupft.es\/ca\/edifici\/#primaryimage"},"image":{"@id":"https:\/\/grupft.es\/ca\/edifici\/#primaryimage"},"thumbnailUrl":"https:\/\/grupft.es\/wp-content\/uploads\/2025\/10\/Edificio-02.jpg","datePublished":"2025-10-27T11:30:45+00:00","dateModified":"2025-11-05T11:38:41+00:00","breadcrumb":{"@id":"https:\/\/grupft.es\/ca\/edifici\/#breadcrumb"},"inLanguage":"ca","potentialAction":[{"@type":"ReadAction","target":["https:\/\/grupft.es\/ca\/edifici\/"]}]},{"@type":"ImageObject","inLanguage":"ca","@id":"https:\/\/grupft.es\/ca\/edifici\/#primaryimage","url":"https:\/\/grupft.es\/wp-content\/uploads\/2025\/10\/Edificio-02.jpg","contentUrl":"https:\/\/grupft.es\/wp-content\/uploads\/2025\/10\/Edificio-02.jpg"},{"@type":"BreadcrumbList","@id":"https:\/\/grupft.es\/ca\/edifici\/#breadcrumb","itemListElement":[{"@type":"ListItem","position":1,"name":"Portada","item":"https:\/\/grupft.es\/ca\/"},{"@type":"ListItem","position":2,"name":"Edifici"}]},{"@type":"WebSite","@id":"https:\/\/grupft.es\/ca\/#website","url":"https:\/\/grupft.es\/ca\/","name":"Tur\u00f3 2022 | Viviendas en San Cugat","description":"Exclusividad y naturaleza en Sant Cugat","publisher":{"@id":"https:\/\/grupft.es\/ca\/#organization"},"potentialAction":[{"@type":"SearchAction","target":{"@type":"EntryPoint","urlTemplate":"https:\/\/grupft.es\/ca\/?s={search_term_string}"},"query-input":{"@type":"PropertyValueSpecification","valueRequired":true,"valueName":"search_term_string"}}],"inLanguage":"ca"},{"@type":"Organization","@id":"https:\/\/grupft.es\/ca\/#organization","name":"Tur\u00f3 2022 | Viviendas en San Cugat","alternateName":"Tur\u00f3 2022 | Grupo FT","url":"https:\/\/grupft.es\/ca\/","logo":{"@type":"ImageObject","inLanguage":"ca","@id":"https:\/\/grupft.es\/ca\/#\/schema\/logo\/image\/","url":"https:\/\/grupft.es\/wp-content\/uploads\/2025\/11\/turo-logo-negro.png","contentUrl":"https:\/\/grupft.es\/wp-content\/uploads\/2025\/11\/turo-logo-negro.png","width":105,"height":37,"caption":"Tur\u00f3 2022 | Viviendas en San Cugat"},"image":{"@id":"https:\/\/grupft.es\/ca\/#\/schema\/logo\/image\/"}}]}},"_links":{"self":[{"href":"https:\/\/grupft.es\/ca\/wp-json\/wp\/v2\/pages\/881","targetHints":{"allow":["GET"]}}],"collection":[{"href":"https:\/\/grupft.es\/ca\/wp-json\/wp\/v2\/pages"}],"about":[{"href":"https:\/\/grupft.es\/ca\/wp-json\/wp\/v2\/types\/page"}],"author":[{"embeddable":true,"href":"https:\/\/grupft.es\/ca\/wp-json\/wp\/v2\/users\/1"}],"replies":[{"embeddable":true,"href":"https:\/\/grupft.es\/ca\/wp-json\/wp\/v2\/comments?post=881"}],"version-history":[{"count":1,"href":"https:\/\/grupft.es\/ca\/wp-json\/wp\/v2\/pages\/881\/revisions"}],"predecessor-version":[{"id":882,"href":"https:\/\/grupft.es\/ca\/wp-json\/wp\/v2\/pages\/881\/revisions\/882"}],"wp:attachment":[{"href":"https:\/\/grupft.es\/ca\/wp-json\/wp\/v2\/media?parent=881"}],"curies":[{"name":"wp","href":"https:\/\/api.w.org\/{rel}","templated":true}]}}